{"id":7,"date":"2019-08-29T13:57:24","date_gmt":"2019-08-29T13:57:24","guid":{"rendered":"http:\/\/jonahgoldmankay.com\/?page_id=7"},"modified":"2026-02-04T19:55:46","modified_gmt":"2026-02-04T19:55:46","slug":"writing","status":"publish","type":"page","link":"https:\/\/jonahgoldmankay.com\/index.php\/writing\/","title":{"rendered":"archive"},"content":{"rendered":"\n<h3 class=\"wp-block-heading\" id=\"essays-and-reviews\"><strong>essays, reviews<\/strong>, and interviews<\/h3>\n\n\n\n<hr class=\"wp-block-separator has-text-color has-custom-color-1-color has-alpha-channel-opacity has-custom-color-1-background-color has-background\"\/>\n\n\n\n<p>Sophie Calle\u2019s &#8216;Catalogue Raisonn\u00e9 of the Unfinished&#8217;, <em>The Brooklyn Rail <\/em>(2026)<\/p>\n\n\n\n<p><a href=\"https:\/\/contemporary.burlington.org.uk\/reviews\/reviews\/picturing-the-self\">Picturing the self<\/a>, <em>Burlington Contemporary <\/em>(2025)<\/p>\n\n\n\n<p><a href=\"https:\/\/bombmagazine.org\/articles\/2024\/11\/13\/joanna-piotrowska-by-jonah-goldman-kay\/\">Joanne Piotrowska<\/a>, <em>BOMB<\/em> (2024)<\/p>\n\n\n\n<p><a href=\"https:\/\/www.artforum.com\/events\/siobhan-liddell-517370\/\">Siobhan Liddell<\/a>, <em>Artforum<\/em> (2023)<\/p>\n\n\n\n<p><a href=\"https:\/\/www.artforum.com\/print\/reviews\/202307\/alfredo-jaar-90943\">Alfredo Jaar<\/a>, <em>Artforum <\/em>(2023)<\/p>\n\n\n\n<p><a href=\"https:\/\/www.artforum.com\/print\/reviews\/202305\/diego-marcon-90422\">Diego Marcon<\/a>, <em>Artforum <\/em>(2023)<\/p>\n\n\n\n<p><a href=\"https:\/\/outland.art\/the-outland-review-vol-01-julian-opie-taproot-wizards\/\">Julian Opie<\/a>, <em>Outland<\/em> (2023)<\/p>\n\n\n\n<p><a href=\"https:\/\/www.frieze.com\/article\/stephen-shore-review-2023\">Stephen Shore<\/a>, <em>Frieze<\/em> (2023)<\/p>\n\n\n\n<p><a href=\"https:\/\/bombmagazine.org\/articles\/interconnected-solitude-emmanuel-van-der-auwera-interviewed\/\">Interconnected Solitude (interview with Emmanuel Van Der Auwera)<\/a>, <em>BOMB<\/em> (2023)<\/p>\n\n\n\n<p><a href=\"https:\/\/www.artforum.com\/print\/reviews\/202302\/lawrence-abu-hamdan-90042\">Lawrence Abu Hamdan<\/a>, <em>Artforum<\/em> (2023)<\/p>\n\n\n\n<p><a href=\"https:\/\/www.artforum.com\/picks\/joanna-piotrowska-formafantasma-89602\">Joanna Piotrowska &amp; Formafantasma<\/a>, <em>Artforum.com <\/em>(2022)<\/p>\n\n\n\n<p><a href=\"https:\/\/www.artforum.com\/print\/reviews\/202209\/biennale-matter-of-art-89529\">Biennale Matter of Art<\/a>, <em>Artforum <\/em>(2022)<\/p>\n\n\n\n<p><a href=\"https:\/\/outland.art\/damien-hirst-the-currency\/\">Burn Out (Damien Hirst review)<\/a>, <em>Outland<\/em> (2022)<\/p>\n\n\n\n<p><a href=\"https:\/\/www.artforum.com\/print\/reviews\/202207\/kutlug-ataman-88940\">Kutlug Ataman<\/a>, <em>Artforum<\/em> (2022)<\/p>\n\n\n\n<p><a href=\"https:\/\/hyperallergic.com\/755291\/what-can-we-learn-from-the-history-of-sleep\/\">What Can We Learn from the History of Sleep?<\/a>, <em>Hyperallergic<\/em> (2022)<\/p>\n\n\n\n<p><a href=\"https:\/\/www.jta.org\/2022\/08\/01\/culture\/what-does-a-british-jew-look-like-photo-project-aims-to-prove-they-dont-easily-fit-into-categories\">What do British Jews look like?<\/a>, <em>JTA <\/em>(2022)<\/p>\n\n\n\n<p><a href=\"https:\/\/bombmagazine.org\/articles\/the-rights-of-trees-cooking-sections-interviewed\/\">The Rights of Trees (interview with Cooking Sections)<\/a>, <em>BOMB<\/em> (2022)<\/p>\n\n\n\n<p><a href=\"https:\/\/bittersoutherner.com\/feature\/2022\/florida-gothic\"><span style=\"text-decoration: underline;\">Florida Gothic (interview with Ana Samoylova)<\/span><\/a>, <em>The Bitter Southerner <\/em>(2022) (reprinted in the <a href=\"https:\/\/online.flippingbook.com\/view\/33813892\/\">Photo London Magazine<\/a>)<\/p>\n\n\n\n<p><a href=\"https:\/\/dirt.substack.com\/p\/dirt-weird-sensations\">Weird Sensations (interview with James Taylor-Foster)<\/a>, <em>Dirt<\/em> (2022)<\/p>\n\n\n\n<p><a href=\"https:\/\/www.artforum.com\/picks\/kira-freije-88773\">Kira Freije<\/a>, <em>Artforum<\/em>.com (2022)<\/p>\n\n\n\n<p><a href=\"https:\/\/www.artforum.com\/picks\/post-digital-intimacy-88756\">Post-Digital Intimacy<\/a>, <em>Artforum.com <\/em>(2022)<\/p>\n\n\n\n<p><a href=\"https:\/\/www.artforum.com\/picks\/robert-nava-88754\">Robert Nava<\/a>, <em>Artforum<\/em>.com (2022)<\/p>\n\n\n\n<p><a href=\"https:\/\/www.artforum.com\/picks\/simon-linke-88566\">Simon Linke<\/a>, <em>Artforum.com <\/em>(2022)<\/p>\n\n\n\n<p><a href=\"https:\/\/www.artforum.com\/picks\/davide-balula-88489\">Davide Balula<\/a>, <em>Artforum.com <\/em>(2022)<\/p>\n\n\n\n<p><a href=\"https:\/\/www.thenation.com\/article\/culture\/politics-passion-mouffe-ostoya\/\">Turning Theory Into Art<\/a>, <em>The Nation<\/em> (2022)<\/p>\n\n\n\n<p><a href=\"https:\/\/www.artforum.com\/picks\/tim-maul-88371\">Tim Maul<\/a>, <em>Artforum<\/em>.com (2022)<\/p>\n\n\n\n<p><a href=\"https:\/\/www.artforum.com\/picks\/vlatka-horvat-88103\">Vlatka Horvat<\/a>, <em>Artforum<\/em>.com (2022)<\/p>\n\n\n\n<p><a href=\"https:\/\/dirt.substack.com\/p\/dirt-petal-pusher?s=r\">Petal Pusher<\/a> (review of Sarah Meyohas exhibition), <em>Dirt<\/em> (2022)<\/p>\n\n\n\n<p><a href=\"https:\/\/lareviewofbooks.org\/article\/how-long-is-the-shadow-of-jim-crow\/\">How Long Is the Shadow of Jim Crow?<\/a>, <em>The Los Angeles Review of Books<\/em> (2022)<\/p>\n\n\n\n<p><a href=\"https:\/\/brooklynrail.org\/2022\/03\/art_books\/The-Wayland-Rudd-Collection\">The Wayland Rudd Collection<\/a>, <em>The Brooklyn Rail<\/em> (2022)<\/p>\n\n\n\n<p><a href=\"https:\/\/www.artforum.com\/picks\/mona-ardeleanu-87402\">Mona Ardeleanu<\/a>, <em>Artforum.com<\/em> (2021)<\/p>\n\n\n\n<p><a href=\"https:\/\/daily.jstor.org\/why-james-bond-villains-prefer-post-soviet-architecture\/\">Why James Bond Villains Prefer Post-Soviet Architecture<\/a>, <em>JStor Daily<\/em> (2021)<\/p>\n\n\n\n<p><a href=\"https:\/\/brooklynrail.org\/2021\/06\/art_books\/Frankie-Alduinos-Vertical-Village\">Vertical Village<\/a>, <em>The Brooklyn Rail<\/em> (2021) <\/p>\n\n\n\n<p><a href=\"https:\/\/www.calvertjournal.com\/articles\/show\/12815\/feminist-romanian-writer-magda-carneci-novel-fem\">\u2018A feminist in my own way:\u2019 Romanian writer Magda C\u00e2rneci on her novel FEM<\/a>,<em> Calvert Journal<\/em> (2021)<\/p>\n\n\n\n<p><a href=\"https:\/\/www.artandobject.com\/news\/these-photographers-stunningly-capture-climate-change\">These Photographers Stunningly Capture Climate Change<\/a>, Art &amp; Object (2021)<\/p>\n\n\n\n<p><a href=\"https:\/\/lareviewofbooks.org\/article\/the-traffic-in-images\/\">The Traffic In Images<\/a>, <em>The Los Angeles Review of Books<\/em> (2021)<\/p>\n\n\n\n<p><a href=\"https:\/\/www.artandobject.com\/news\/must-sees-armory-show-beyond-fall\">Must-Sees at The Armory Show &amp; Beyond This Fall<\/a>, Art &amp; Object (2021)<\/p>\n\n\n\n<p><a href=\"https:\/\/lareviewofbooks.org\/article\/the-light-in-istanbul-on-orhan-pamuks-orange\/\">The Light in Istanbul: On Orhan Pamuk\u2019s \u201cOrange\u201d<\/a>, <em><em>The Los Angeles Review of Books<\/em><\/em> (2020)<\/p>\n\n\n\n<p><a href=\"https:\/\/www.theparisreview.org\/blog\/2020\/11\/05\/our-interminable-election-eve\/\">Our Interminable Election Eve<\/a>, <em>The Paris Review<\/em> (2020)<\/p>\n\n\n\n<p><a href=\"https:\/\/brooklynrail.org\/2020\/10\/dance\/SHAMEL-PITTS-AND-ITAI-ZWECKER-with-Jonah-Goldman-Kay\">Interview: Shamel Pitts and Itai Zwecker<\/a>, <em>The Brooklyn Rail<\/em> (2020)<\/p>\n\n\n\n<p><a href=\"https:\/\/www.calvertjournal.com\/articles\/show\/12296\/borat-roma-problem-representation-film-satire-stereotypes\">Why it\u2019s time to talk about Borat\u2019s Roma problem<\/a>, <em>The Calvert Journal<\/em> (2020)<\/p>\n\n\n\n<p><a href=\"https:\/\/hyperallergic.com\/597846\/the-evolution-of-instagram-activism\/\">The Evolution of Instagram Art,<\/a> <em>Hyperallergic<\/em> (2020)<\/p>\n\n\n\n<p><a href=\"https:\/\/www.artforum.com\/interviews\/alicjia-kwade-on-how-her-practice-has-shifted-in-quarantine-time-83183\">Interview: Alicja Kwade<\/a>, <em>Artforum<\/em>.com (2020)<\/p>\n\n\n\n<p><a href=\"https:\/\/brooklynrail.org\/2020\/06\/art_books\/The-Outwardness-of-Art-Selected-Writings-of-Adrian-Stokes\"><em>The Outwardness of Art<\/em> by Adrian Stokes<\/a>, <em>The Brooklyn Rail<\/em> (2020)<\/p>\n\n\n\n<p><a href=\"https:\/\/www.artforum.com\/interviews\/eva-ko-atkova-82106\">Interview: Eva Ko\u0165\u00e1tkov\u00e1<\/a>, <em>Artforum<\/em>.com (2020)<\/p>\n\n\n\n<p><a href=\"https:\/\/www.artforum.com\/picks\/Jonah-Goldman-Kay-on-basma-alsharif-82549\">Basma Alsharif<\/a>, <em>Artforum<\/em>.com (2020)<\/p>\n\n\n\n<p><a href=\"https:\/\/www.artforum.com\/picks\/jonah-goldman-kay-on-david-adika-at-braverman-gallery-82342\">David Adika<\/a>, <em>Artforum<\/em>.com (2020)<\/p>\n\n\n\n<p><a href=\"https:\/\/hyperallergic.com\/548670\/shahidul-alams-first-hand-account-of-bangladeshs-fight-for-democracy\/\">Shahidul Alam\u2019s Firsthand Account of Bangladesh\u2019s Fight for Democracy<\/a>, <em>Hyperallergic<\/em> (2020)<\/p>\n\n\n\n<p><a href=\"https:\/\/hyperallergic.com\/539018\/in-sienese-paintings-a-writer-finds-sanctuaries-that-allow-him-to-grieve\/\">In Sienese Paintings a Writer Finds Sanctuaries that Allow Him to Grieve<\/a>, <em>Hyperallergic<\/em> (2020)<\/p>\n\n\n\n<p><a href=\"https:\/\/hyperallergic.com\/533342\/an-unlikely-scottish-archive-sheds-light-on-romanian-art-during-socialism\/\">An Unlikely Scottish Archive Sheds Light on Romanian Art During Socialism<\/a>, <em>Hyperallergic<\/em> (2020)<\/p>\n\n\n\n<p><a href=\"https:\/\/www.artforum.com\/picks\/jonah-goldman-kay-on-olivia-mihaltianu-81420\">Olivia Mih\u0103lt\u0326ianu<\/a>, <em>Artforum<\/em>.com (2019)<\/p>\n\n\n\n<p><a href=\"https:\/\/hyperallergic.com\/495332\/revitalizing-the-culture-of-palestinian-food\/\">Revitalizing the Culture of Palestinian Food<\/a>, <em>Hyperallergic<\/em> (2019)<\/p>\n\n\n\n<div style=\"height:30px\" aria-hidden=\"true\" class=\"wp-block-spacer\"><\/div>\n\n\n\n<h3 class=\"wp-block-heading\" id=\"features\"><strong>features<\/strong><\/h3>\n\n\n\n<hr class=\"wp-block-separator has-text-color has-custom-color-1-color has-alpha-channel-opacity has-custom-color-1-background-color has-background\"\/>\n\n\n\n<p><a href=\"https:\/\/hyperallergic.com\/746455\/new-arts-center-aims-to-put-sicily-back-on-the-art-world-map\/\">New Arts Center Aims to Put Sicily Back on the Art World Map<\/a>, <em>Hyperallergic<\/em> (2022)<\/p>\n\n\n\n<p><a href=\"https:\/\/hyperallergic.com\/727933\/kunsthalle-praha-is-haunted-by-the-specter-of-communism\/\">Prague\u2019s First Private Museum Is Haunted by the Specter of Communism<\/a>, <em>Hyperallergic<\/em> (2022)<\/p>\n\n\n\n<p><a href=\"https:\/\/thecounter.org\/certify-impossible-pork-kosher-halal-jewish-muslim-dietary-traditions\/\">Impossible&#8217;s Pork Problem<\/a>, <em>The Counter<\/em> (2022)<\/p>\n\n\n\n<p><a href=\"https:\/\/www.jta.org\/2022\/02\/04\/culture\/in-the-books-of-jacob-polish-nobel-laureate-olga-tokarczuk-tells-a-story-about-jews-but-is-it-a-jewish-novel\">Is \u2018The Books of Jacob&#8217; a Jewish novel?<\/a>, <em>JTA <\/em>(2022)<\/p>\n\n\n\n<p><a href=\"https:\/\/www.jta.org\/2022\/01\/13\/culture\/a-musicians-project-sheds-new-light-on-artistic-life-in-the-terezin-concentration-camp\">A musician\u2019s project sheds new light on artistic life in the Terez\u00edn concentration camp<\/a>, <em>JTA<\/em> (2022)<\/p>\n\n\n\n<p><a href=\"https:\/\/www.bloomberg.com\/news\/articles\/2021-05-10\/new-orleans-tries-to-build-a-better-tech-boom?srnd=citylab\">A Wary New Orleans Braces for a New Tech Boom<\/a>, <em>CityLab<\/em> (2021)<\/p>\n\n\n\n<p><a href=\"https:\/\/www.jta.org\/2021\/08\/06\/global\/a-dilapidated-bulgarian-synagogue-will-become-a-cultural-center-and-lifeline-for-a-dwindling-community\">A dilapidated Bulgarian synagogue will become a lifeline for the Jewish community<\/a>, <em>JTA <\/em>(2021)<\/p>\n\n\n\n<p><a href=\"https:\/\/www.theguardian.com\/us-news\/2021\/mar\/05\/texas-freeze-hurricane-katrina-survivors?utm_term=Autofeed&amp;CMP=twt_gu&amp;utm_medium&amp;utm_source=Twitter#Echobox=1614939626\">The Katrina survivors who fled devastation only to freeze in Texas<\/a>, <em>The Guardian<\/em> (2021)<\/p>\n\n\n\n<p><a href=\"https:\/\/www.jta.org\/2021\/06\/04\/united-states\/a-new-museum-in-new-orleans-puts-the-family-histories-of-southern-jews-on-display\">A new museum in New Orleans puts the family histories of Southern Jews on display<\/a>, <em>JTA <\/em>(2021)<\/p>\n\n\n\n<p><a href=\"https:\/\/www.bloomberg.com\/news\/features\/2021-01-27\/new-orleans-commuters-need-more-than-streetcars?utm_medium=social&amp;utm_source=twitter&amp;utm_content=citylab&amp;utm_campaign=socialflow-organic\">How the New Orleans Streetcar Revival Left Bus Riders Behind<\/a>, <em>CityLab<\/em> (2021)<\/p>\n\n\n\n<p><a href=\"https:\/\/talkpoverty.org\/2021\/04\/15\/independent-contractors-florida\/\">The Fight for Fair Pay Must Include Independent Contractors<\/a>, <em>TalkPoverty<\/em> (2021)<\/p>\n\n\n\n<p><a href=\"https:\/\/www.facingsouth.org\/2021\/01\/groups-across-south-are-working-fix-broken-farm-labor-system\">Groups across the South are working to fix a broken farm labor system<\/a>, <em>Facing South<\/em> (2021)<\/p>\n\n\n\n<p><a href=\"https:\/\/www.businessinsider.com\/floridas-democratic-party-is-having-an-identity-crisis-2021-4\">Florida&#8217;s Democratic Party is having an identity crisis<\/a>, <em>Business Insider<\/em> (2021)<\/p>\n\n\n\n<p><a href=\"https:\/\/www.businessinsider.com\/candidates-with-no-party-affiliation-appear-in-several-florida-races-2020-12?r=US&amp;IR=T\">Candidates with no party affiliation change the outcomes of Florida races<\/a>, <em>Business Insider <\/em>(2020)<\/p>\n\n\n\n<p><a href=\"https:\/\/www.businessinsider.com\/convicted-felons-voting-for-the-first-time-in-florida-2020-11\">&#8220;Getting Your Rights Back Feels Tremendous:&#8221; Going to the Polls with Florida&#8217;s Former Felons<\/a>, <em>Business Insider<\/em> (2020)<\/p>\n\n\n\n<p><a href=\"https:\/\/www.businessinsider.com\/florida-voting-on-whether-to-raise-the-minimum-wage-2020-11?r=US&amp;IR=T\">Florida is voting on whether to raise the minimum wage<\/a>, <em>Business Insider <\/em>(2020)<\/p>\n\n\n\n<p><a href=\"https:\/\/www.businessinsider.com\/florida-the-villages-trump-voters-voting-for-biden-2020-10?r=US&amp;IR=T\">The Trump-supporting retirement community that&#8217;s now voting for Biden<\/a>, <em>Business Insider <\/em>(2020)<\/p>\n\n\n\n<p><a href=\"https:\/\/www.businessinsider.com\/measure-in-florida-could-make-harder-to-pass-future-amendments-2020-10?r=US&amp;IR=T\">Dark money ballot measures could make it harder to pass amendments in FL<\/a>, <em>Business Insider<\/em> (2020)<\/p>\n\n\n\n<p><a href=\"https:\/\/newrepublic.com\/article\/160673\/migrant-laborers-covid-pandemic-lethal-inequality-american-farms\">The Lethal Inequality on American Farms<\/a>, <em>The New Republic<\/em> (2020)<\/p>\n\n\n\n<p><a href=\"https:\/\/proteanmag.com\/2020\/10\/27\/hurricane-solidarity-in-the-wake-of-disaster-lake-charles-dsa-offers-mutual-aid\/\">In the Wake of Disaster in Southwest Louisiana, the DSA Offers Mutual Aid<\/a>, <em>Protean<\/em> (2020)<\/p>\n\n\n\n<p><a href=\"https:\/\/www.politico.eu\/article\/coronavirus-pushes-bulgaria-roma-further-into-the-shadows\/\">Coronavirus pushes Bulgaria\u2019s Roma further into the shadows<\/a>, <em>Politico Europe<\/em> (2020)<\/p>\n\n\n\n<p><a href=\"https:\/\/www.papermag.com\/bulgarian-folk-popstar-aziz-enters-a-new-era-2646309965.html\">Bulgarian Folk-Popstar Azis Enters a New Era<\/a>, <em>PAPER Magazine<\/em> (2020)<\/p>\n\n\n\n<p><a href=\"https:\/\/bittersoutherner.com\/southern-perspective\/2020\/risking-death-for-tomatoes-quincy-florida\">Risking Death for Tomatoes<\/a>, <em>The Bitter Southerner<\/em> (2020)<\/p>\n","protected":false},"excerpt":{"rendered":"<p>essays, reviews, and interviews Sophie Calle\u2019s &#8216;Catalogue Raisonn\u00e9 of the Unfinished&#8217;, The Brooklyn Rail (2026) Picturing the self, Burlington Contemporary (2025) Joanne Piotrowska, BOMB (2024) Siobhan Liddell, Artforum (2023) Alfredo Jaar, Artforum (2023) Diego Marcon, Artforum (2023) Julian Opie, Outland (2023) Stephen Shore, Frieze (2023) Interconnected Solitude (interview with Emmanuel Van Der Auwera), BOMB (2023) [&hellip;]<\/p>\n","protected":false},"author":1,"featured_media":0,"parent":0,"menu_order":0,"comment_status":"closed","ping_status":"closed","template":"","meta":{"_monsterinsights_skip_tracking":false,"_monsterinsights_sitenote_active":false,"_monsterinsights_sitenote_note":"","_monsterinsights_sitenote_category":0,"footnotes":""},"class_list":["post-7","page","type-page","status-publish","hentry"],"_links":{"self":[{"href":"https:\/\/jonahgoldmankay.com\/index.php\/wp-json\/wp\/v2\/pages\/7","targetHints":{"allow":["GET"]}}],"collection":[{"href":"https:\/\/jonahgoldmankay.com\/index.php\/wp-json\/wp\/v2\/pages"}],"about":[{"href":"https:\/\/jonahgoldmankay.com\/index.php\/wp-json\/wp\/v2\/types\/page"}],"author":[{"embeddable":true,"href":"https:\/\/jonahgoldmankay.com\/index.php\/wp-json\/wp\/v2\/users\/1"}],"replies":[{"embeddable":true,"href":"https:\/\/jonahgoldmankay.com\/index.php\/wp-json\/wp\/v2\/comments?post=7"}],"version-history":[{"count":62,"href":"https:\/\/jonahgoldmankay.com\/index.php\/wp-json\/wp\/v2\/pages\/7\/revisions"}],"predecessor-version":[{"id":342,"href":"https:\/\/jonahgoldmankay.com\/index.php\/wp-json\/wp\/v2\/pages\/7\/revisions\/342"}],"wp:attachment":[{"href":"https:\/\/jonahgoldmankay.com\/index.php\/wp-json\/wp\/v2\/media?parent=7"}],"curies":[{"name":"wp","href":"https:\/\/api.w.org\/{rel}","templated":true}]}}